{"id":802,"date":"2005-07-22T11:13:06","date_gmt":"2005-07-22T09:13:06","guid":{"rendered":"http:\/\/www.criteriondg.info\/wordpress\/articulos\/unas-palabras-con-ken-wong\/"},"modified":"2021-07-10T08:35:19","modified_gmt":"2021-07-10T07:35:19","slug":"unas-palabras-con-ken-wong","status":"publish","type":"page","link":"https:\/\/www.criteriondg.info\/wordpress\/articulos\/unas-palabras-con-ken-wong\/","title":{"rendered":"Unas palabras con: Ken Wong"},"content":{"rendered":"<p>Criterion: <strong>Para aquellos que no te conocen  y no saben a que te dedicas, \u00bfc\u00f3mo te describir\u00edas?<\/strong><br \/>\nKen: <em>Mi nombre es Ken Wong, tengo 23 a\u00f1os, soy australiano y actualmente trabajo en Hong Kong como director de arte para una compa\u00f1\u00eda de juegos de ordenador. En el pasado trabaj\u00e9 como dise\u00f1ador conceptual e ilustrador. Soy principalmente autodidacta.<\/em><\/p>\n<p>&nbsp; <\/p>\n<p><strong>Como empez\u00f3 tu inter\u00e9s por el arte digital?<\/strong><br \/>\n<em>He estado dibujando toda mi vida. No me lo tom\u00e9 demasiado en serio hasta despu\u00e9s de acabar mis estudios de secundaria, cuando me un\u00ed a algunas comunidades de arte digital y comenc\u00e9  a experimentar con ello. Un dise\u00f1ador de juegos vi\u00f3 algunas cosas que hab\u00eda hecho en una web y me pidi\u00f3 que probase con el dise\u00f1o conceptual. Esto fue una de las razones que me llevaron a convertir el arte digital en mi profesion y mi hobby.<\/em><\/p>\n<p>&nbsp; <\/p>\n<p><strong>\u00bfCu\u00e1les son tus fuentes de inspiraci\u00f3n?<\/strong><br \/>\n<em>Me inspiran diferentes tipos de arte, incluyendo \u00abart nouveau\u00bb&#8216;, dise\u00f1os japoneses, comics, ilustraci\u00f3n cl\u00e1sica y moderna y el dise\u00f1o en general. B\u00e1sicamente me inspiro en las cosas que veo cada d\u00eda, por lo tanto no busco inspiraci\u00f3n en la web.<\/em><\/p>\n<p>&nbsp; <\/p>\n<p><strong>Alguien en particular que haya tenido una gran influencia en ti?<\/strong><br \/>\n<em>Hay muchos artistas que me han influenciado, entre ellos Gustav Klimt, <a href=\"http:\/\/www.geocities.com\/mignolaart\/\">Mike Mignola<\/a>, <a href=\"http:\/\/mshp.motime.com\/\">Masamune Shirow<\/a> y <a href=\"http:\/\/ashleywoodartist.com\/\">Ashley Wood<\/a>. Sin embargo yo siempre intento distinguir mi trabajo de estas influencias e ir en diferentes direcciones y no solo en aquellas que ellos ya han explorado.<\/em><\/p>\n<p>&nbsp; <\/p>\n<p><strong>\u00bfCu\u00e1l es tu software favorito?<\/strong><br \/>\n<em>Todo mi trabajo est\u00e1 hecho con Photoshop.<\/em><\/p>\n<p>&nbsp; <\/p>\n<p><strong>La pagina web mas importante&#8230;<\/strong><br \/>\n<em>He aprendido mucho en los <a href=\"http:\/\/www.eatpoo.com\/phpBB2\/index.php\">foros de Eatpoo<\/a>.<\/em><\/p>\n<p>&nbsp; <\/p>\n<p><strong>\u00bfC\u00f3mo te gustar\u00eda que evolusionase tu trabajo en el futuro?<\/strong><br \/>\n<em>Ahora mismo estoy demasiado ocupado con mi trabajo para dedicar mucho tiempo a mis obras personales o a mi web. En cuanto tenga tiempo libre quiero intentar cosas nuevas y mejorar mi arte.<\/em><\/p>\n<p>&nbsp; <\/p>\n<p><!--adsense--><\/p>\n<p>:: <a href=\"http:\/\/kenart.net\/\">Web oficial de Ken Wong<\/a> ::<\/p>\n<p><img decoding=\"async\" src=\"http:\/\/www.criteriondg.info\/wordpress\/wp-content\/themes\/criterion\/images\/ent\/ken\/1.jpg\" alt=\"\" \/><\/p>\n<p><img decoding=\"async\" src=\"http:\/\/www.criteriondg.info\/wordpress\/wp-content\/themes\/criterion\/images\/ent\/ken\/2.jpg\" alt=\"\" \/><\/p>\n<p><img decoding=\"async\" src=\"http:\/\/www.criteriondg.info\/wordpress\/wp-content\/themes\/criterion\/images\/ent\/ken\/3.jpg\" alt=\"\" \/><\/p>\n","protected":false},"excerpt":{"rendered":"<p>Criterion: Para aquellos que no te conocen y no saben a que te dedicas, \u00bfc\u00f3mo te describir\u00edas? Ken: Mi nombre es Ken Wong, tengo 23 a\u00f1os, soy australiano y actualmente trabajo en Hong Kong como director de arte para una compa\u00f1\u00eda de juegos de ordenador. En el pasado trabaj\u00e9 como dise\u00f1ador conceptual e ilustrador. Soy [&hellip;]<\/p>\n","protected":false},"author":2,"featured_media":0,"parent":44,"menu_order":0,"comment_status":"open","ping_status":"open","template":"","meta":{"footnotes":""},"class_list":["post-802","page","type-page","status-publish","hentry"],"yoast_head":"<!-- This site is optimized with the Yoast SEO plugin v27.1.1 - https:\/\/yoast.com\/product\/yoast-seo-wordpress\/ -->\n<title>Unas palabras con: Ken Wong - Criterion<\/title>\n<meta name=\"description\" content=\"Criterion: Para aquellos que no te conocen y no saben a que te dedicas, \u00bfc\u00f3mo te describir\u00edas? Ken: Mi nombre es Ken Wong, tengo 23 a\u00f1os, soy australiano\" \/>\n<meta name=\"robots\" content=\"index, follow, max-snippet:-1, max-image-preview:large, max-video-preview:-1\" \/>\n<link rel=\"canonical\" href=\"https:\/\/www.criteriondg.info\/wordpress\/articulos\/unas-palabras-con-ken-wong\/\" \/>\n<meta property=\"og:locale\" content=\"es_ES\" \/>\n<meta property=\"og:type\" content=\"article\" \/>\n<meta property=\"og:title\" content=\"Unas palabras con: Ken Wong - Criterion\" \/>\n<meta property=\"og:description\" content=\"Criterion: Para aquellos que no te conocen y no saben a que te dedicas, \u00bfc\u00f3mo te describir\u00edas? Ken: Mi nombre es Ken Wong, tengo 23 a\u00f1os, soy australiano\" \/>\n<meta property=\"og:url\" content=\"https:\/\/www.criteriondg.info\/wordpress\/articulos\/unas-palabras-con-ken-wong\/\" \/>\n<meta property=\"og:site_name\" content=\"Criterion\" \/>\n<meta property=\"article:modified_time\" content=\"2021-07-10T07:35:19+00:00\" \/>\n<meta property=\"og:image\" content=\"http:\/\/www.criteriondg.info\/wordpress\/wp-content\/themes\/criterion\/images\/ent\/ken\/1.jpg\" \/>\n<meta name=\"twitter:card\" content=\"summary_large_image\" \/>\n<meta name=\"twitter:site\" content=\"@Skeku\" \/>\n<meta name=\"twitter:label1\" content=\"Tiempo de lectura\" \/>\n\t<meta name=\"twitter:data1\" content=\"2 minutos\" \/>\n<!-- \/ Yoast SEO plugin. -->","yoast_head_json":{"title":"Unas palabras con: Ken Wong - Criterion","description":"Criterion: Para aquellos que no te conocen y no saben a que te dedicas, \u00bfc\u00f3mo te describir\u00edas? Ken: Mi nombre es Ken Wong, tengo 23 a\u00f1os, soy australiano","robots":{"index":"index","follow":"follow","max-snippet":"max-snippet:-1","max-image-preview":"max-image-preview:large","max-video-preview":"max-video-preview:-1"},"canonical":"https:\/\/www.criteriondg.info\/wordpress\/articulos\/unas-palabras-con-ken-wong\/","og_locale":"es_ES","og_type":"article","og_title":"Unas palabras con: Ken Wong - Criterion","og_description":"Criterion: Para aquellos que no te conocen y no saben a que te dedicas, \u00bfc\u00f3mo te describir\u00edas? Ken: Mi nombre es Ken Wong, tengo 23 a\u00f1os, soy australiano","og_url":"https:\/\/www.criteriondg.info\/wordpress\/articulos\/unas-palabras-con-ken-wong\/","og_site_name":"Criterion","article_modified_time":"2021-07-10T07:35:19+00:00","og_image":[{"url":"http:\/\/www.criteriondg.info\/wordpress\/wp-content\/themes\/criterion\/images\/ent\/ken\/1.jpg","type":"","width":"","height":""}],"twitter_card":"summary_large_image","twitter_site":"@Skeku","twitter_misc":{"Tiempo de lectura":"2 minutos"},"schema":{"@context":"https:\/\/schema.org","@graph":[{"@type":"WebPage","@id":"https:\/\/www.criteriondg.info\/wordpress\/articulos\/unas-palabras-con-ken-wong\/","url":"https:\/\/www.criteriondg.info\/wordpress\/articulos\/unas-palabras-con-ken-wong\/","name":"Unas palabras con: Ken Wong - Criterion","isPartOf":{"@id":"https:\/\/www.criteriondg.info\/wordpress\/#website"},"primaryImageOfPage":{"@id":"https:\/\/www.criteriondg.info\/wordpress\/articulos\/unas-palabras-con-ken-wong\/#primaryimage"},"image":{"@id":"https:\/\/www.criteriondg.info\/wordpress\/articulos\/unas-palabras-con-ken-wong\/#primaryimage"},"thumbnailUrl":"http:\/\/www.criteriondg.info\/wordpress\/wp-content\/themes\/criterion\/images\/ent\/ken\/1.jpg","datePublished":"2005-07-22T09:13:06+00:00","dateModified":"2021-07-10T07:35:19+00:00","description":"Criterion: Para aquellos que no te conocen y no saben a que te dedicas, \u00bfc\u00f3mo te describir\u00edas? Ken: Mi nombre es Ken Wong, tengo 23 a\u00f1os, soy australiano","breadcrumb":{"@id":"https:\/\/www.criteriondg.info\/wordpress\/articulos\/unas-palabras-con-ken-wong\/#breadcrumb"},"inLanguage":"es","potentialAction":[{"@type":"ReadAction","target":["https:\/\/www.criteriondg.info\/wordpress\/articulos\/unas-palabras-con-ken-wong\/"]}]},{"@type":"ImageObject","inLanguage":"es","@id":"https:\/\/www.criteriondg.info\/wordpress\/articulos\/unas-palabras-con-ken-wong\/#primaryimage","url":"http:\/\/www.criteriondg.info\/wordpress\/wp-content\/themes\/criterion\/images\/ent\/ken\/1.jpg","contentUrl":"http:\/\/www.criteriondg.info\/wordpress\/wp-content\/themes\/criterion\/images\/ent\/ken\/1.jpg"},{"@type":"BreadcrumbList","@id":"https:\/\/www.criteriondg.info\/wordpress\/articulos\/unas-palabras-con-ken-wong\/#breadcrumb","itemListElement":[{"@type":"ListItem","position":1,"name":"Home","item":"https:\/\/www.criteriondg.info\/wordpress\/"},{"@type":"ListItem","position":2,"name":"Art\u00edculos","item":"https:\/\/www.criteriondg.info\/wordpress\/articulos\/"},{"@type":"ListItem","position":3,"name":"Unas palabras con: Ken Wong"}]},{"@type":"WebSite","@id":"https:\/\/www.criteriondg.info\/wordpress\/#website","url":"https:\/\/www.criteriondg.info\/wordpress\/","name":"Criterion","description":"Blog de dise\u00f1o y recursos gr\u00e1ficos de Armando Sotoca. Reflexiones, noticias y filosofadas sobre dise\u00f1o e inspiraci\u00f3n visual.","publisher":{"@id":"https:\/\/www.criteriondg.info\/wordpress\/#\/schema\/person\/e3e9eb3b79728755608032520ae22a91"},"potentialAction":[{"@type":"SearchAction","target":{"@type":"EntryPoint","urlTemplate":"https:\/\/www.criteriondg.info\/wordpress\/?s={search_term_string}"},"query-input":{"@type":"PropertyValueSpecification","valueRequired":true,"valueName":"search_term_string"}}],"inLanguage":"es"},{"@type":["Person","Organization"],"@id":"https:\/\/www.criteriondg.info\/wordpress\/#\/schema\/person\/e3e9eb3b79728755608032520ae22a91","name":"Skeku","image":{"@type":"ImageObject","inLanguage":"es","@id":"https:\/\/www.criteriondg.info\/wordpress\/#\/schema\/person\/image\/","url":"https:\/\/www.criteriondg.info\/wordpress\/uploads\/cropped-logo-1.jpg","contentUrl":"https:\/\/www.criteriondg.info\/wordpress\/uploads\/cropped-logo-1.jpg","width":250,"height":250,"caption":"Skeku"},"logo":{"@id":"https:\/\/www.criteriondg.info\/wordpress\/#\/schema\/person\/image\/"},"sameAs":["https:\/\/x.com\/Skeku"]}]}},"_links":{"self":[{"href":"https:\/\/www.criteriondg.info\/wordpress\/wp-json\/wp\/v2\/pages\/802","targetHints":{"allow":["GET"]}}],"collection":[{"href":"https:\/\/www.criteriondg.info\/wordpress\/wp-json\/wp\/v2\/pages"}],"about":[{"href":"https:\/\/www.criteriondg.info\/wordpress\/wp-json\/wp\/v2\/types\/page"}],"author":[{"embeddable":true,"href":"https:\/\/www.criteriondg.info\/wordpress\/wp-json\/wp\/v2\/users\/2"}],"replies":[{"embeddable":true,"href":"https:\/\/www.criteriondg.info\/wordpress\/wp-json\/wp\/v2\/comments?post=802"}],"version-history":[{"count":0,"href":"https:\/\/www.criteriondg.info\/wordpress\/wp-json\/wp\/v2\/pages\/802\/revisions"}],"up":[{"embeddable":true,"href":"https:\/\/www.criteriondg.info\/wordpress\/wp-json\/wp\/v2\/pages\/44"}],"wp:attachment":[{"href":"https:\/\/www.criteriondg.info\/wordpress\/wp-json\/wp\/v2\/media?parent=802"}],"curies":[{"name":"wp","href":"https:\/\/api.w.org\/{rel}","templated":true}]}}